{"id":522,"date":"2023-06-15T12:57:37","date_gmt":"2023-06-15T10:57:37","guid":{"rendered":"https:\/\/izabelakostecka.pl\/?page_id=522"},"modified":"2023-11-30T09:47:57","modified_gmt":"2023-11-30T08:47:57","slug":"regulamin-makijazu-permanentnego","status":"publish","type":"page","link":"https:\/\/izabelakostecka.pl\/?page_id=522","title":{"rendered":"Regulamin makija\u017cu permanentnego"},"content":{"rendered":"\t\t<div data-elementor-type=\"wp-page\" data-elementor-id=\"522\" class=\"elementor elementor-522\">\n\t\t\t\t\t\t<section class=\"elementor-section elementor-top-section elementor-element elementor-element-29a17aa4 elementor-section-full_width elementor-section-height-min-height elementor-section-height-default elementor-section-items-middle\" data-id=\"29a17aa4\" data-element_type=\"section\" data-e-type=\"section\" data-settings=\"{&quot;background_background&quot;:&quot;classic&quot;}\">\n\t\t\t\t\t\t\t<div class=\"elementor-background-overlay\"><\/div>\n\t\t\t\t\t\t\t<div class=\"elementor-container elementor-column-gap-default\">\n\t\t\t\t\t<main class=\"elementor-column elementor-col-100 elementor-top-column elementor-element elementor-element-629b4161\" data-id=\"629b4161\" data-element_type=\"column\" data-e-type=\"column\">\n\t\t\t<div class=\"elementor-widget-wrap\">\n\t\t\t\t\t\t\t<\/div>\n\t\t<\/main>\n\t\t\t\t\t<\/div>\n\t\t<\/section>\n\t\t\t\t<section class=\"elementor-section elementor-top-section elementor-element elementor-element-3a4d625 elementor-section-boxed elementor-section-height-default elementor-section-height-default\" data-id=\"3a4d625\" data-element_type=\"section\" data-e-type=\"section\">\n\t\t\t\t\t\t<div class=\"elementor-container elementor-column-gap-default\">\n\t\t\t\t\t<div class=\"elementor-column elementor-col-100 elementor-top-column elementor-element elementor-element-17594a5\" data-id=\"17594a5\" data-element_type=\"column\" data-e-type=\"column\">\n\t\t\t<div class=\"elementor-widget-wrap elementor-element-populated\">\n\t\t\t\t\t\t<div class=\"elementor-element elementor-element-1221047a elementor-invisible elementor-widget elementor-widget-heading\" data-id=\"1221047a\" data-element_type=\"widget\" data-e-type=\"widget\" data-settings=\"{&quot;_animation&quot;:&quot;fadeInDown&quot;,&quot;_animation_delay&quot;:0}\" data-widget_type=\"heading.default\">\n\t\t\t\t<div class=\"elementor-widget-container\">\n\t\t\t\t\t<h1 class=\"elementor-heading-title elementor-size-default\">Regulamin dotycz\u0105cy Zabiegu Makija\u017cu Permanentnego<\/h1>\t\t\t\t<\/div>\n\t\t\t\t<\/div>\n\t\t\t\t<div class=\"elementor-element elementor-element-6955f0f elementor-widget elementor-widget-text-editor\" data-id=\"6955f0f\" data-element_type=\"widget\" data-e-type=\"widget\" data-widget_type=\"text-editor.default\">\n\t\t\t\t<div class=\"elementor-widget-container\">\n\t\t\t\t\t\t\t\t\t<ol><li>Rezerwuj\u0105c termin, upewnij si\u0119, \u017ce nie ma \u017cadnych przeciwwskaza\u0144 o wykonania zabiegu.\u2757\ufe0f<\/li><li>Konsultacja dotycz\u0105ca wykonania zabiegu makija\u017cu permanentnego jest p\u0142atna, podczas konsultacji wykonujemy rysunek pr\u00f3bny, wykluczamy przeciwwskazania do zabiegu, w razie konieczno\u015bci wykonujemy test alergiczny.\u2714\ufe0f<\/li><li>Je\u015bli masz jakiekolwiek w\u0105tpliwo\u015bci dotycz\u0105ce zabiegu, skorzystaj z bezp\u0142atnej konsultacji telefonicznej.\ud83d\udd25<\/li><li>Test alergiczny wykonujemy najp\u00f3\u017aniej do tygodnia przed zabiegiem koszt to 50 z\u0142 \ud83d\ude0b<\/li><li>Po zarezerwowaniu terminu wymagana jest wp\u0142ata zadatku w wysoko\u015bci 200 z\u0142 maksymalnie do 4 dni po ustaleniu daty wizyty.\ud83d\udc81\u200d\u2640\ufe0f<\/li><li>Klientka ma prawo do zmiany terminu wizyty najp\u00f3\u017aniej na 48 h przed planowan\u0105 wizyt\u0105, rezygnacja z terminu w ostatniej chwili skutkuje utrat\u0105 wp\u0142aconego zadatku.\ud83d\udc4c<\/li><li>Klientki, kt\u00f3re mia\u0142y kiedykolwiek wykonywany makija\u017c permanentny na danym obszarze (nawet ma\u0142o widoczny) s\u0105 zobowi\u0105zane przy zapisie powiadomi\u0107 o tym fakcie linergistk\u0119, poniewa\u017c zdarza si\u0119, \u017ce zabieg makija\u017cu permanentnego powinien zosta\u0107 poprzedzony laserowym usuwaniem \u015blad\u00f3w po starym, a to wymaga innego czasu i sprz\u0119tu.\ud83d\ude4b\u200d\u2640\ufe0f<\/li><li>Pigmentacje korekcyjne i dopigmentowania makija\u017cu permanentnego po innych salonach s\u0105 zawsze wyceniane indywidualnie i zwykle traktowane jako us\u0142uga wykonywana od pocz\u0105tku.\ud83e\udd37\u200d\u2640\ufe0f<\/li><li>Makija\u017c permanentny zmienia swoj\u0105 intensywno\u015b\u0107 w kolejnych miesi\u0105cach po zabiegu, dlatego po roku zaleca si\u0119 wykonywanie korekty p\u0142atnej tzw. Od\u015bwie\u017cenia koloru i kszta\u0142tu.\ud83d\ude09<\/li><li>Podczas zabiegu makija\u017cu permanentnego wykonywana jest wizualizacja i wybierana jest odpowiednia metoda makija\u017cu permanentnego. Rodzaj metody oraz pigmenty wybierane s\u0105 przez linergistk\u0119 i dopasowane do naturalnej urody klientki. Linergistka ma prawo do odmowy wykonania zabiegu, je\u017celi oczekiwania klientki co do kszta\u0142tu s\u0105 niezgodne z klasycznym uk\u0142adem brwi lub z wizj\u0105 etetyki linergistki. Decyduj\u0105c si\u0119 na zabieg, nale\u017cy zapozna\u0107 si\u0119 z pracami, stylem i technik\u0105 linergistki. Zastrzegamy sobie prawo do zmiany poszczeg\u00f3lnych punkt\u00f3w regulaminu.\ud83d\ude43<\/li><li>Zastrzegamy sobie prawo do zmiany terminu wcze\u015bniej ustalonego po ustaleniu z klientk\u0105 innego, dogodnego dla obu stron.\ud83d\ude42<\/li><li>Linergistka dok\u0142ada wszelkich stara\u0144, aby zachowa\u0107 bezpiecze\u0144stwo i higiene. Jednak w przypadku zak\u0142ucia przez ni\u0105 ig\u0142\u0105 klientka wyra\u017ca zgod\u0119 na badania morfologiczne krwi pod wzgl\u0119dem zak\u0142ucia si\u0119 ska\u017conym narz\u0119dziem.\ud83d\ude1a<\/li><li>W przypadku odst\u0105pienia od umowy i roszcze\u0144 klientki, w pierwszej kolejno\u015bci obie strony d\u0105\u017c\u0105 do ugody.\ud83d\ude01<\/li><\/ol><p>REGULAMIN ZADATK\u00d3W<\/p><p>Zadatek zostanie odj\u0119ty od kwoty zabiegu po jego wykonaniu.<\/p><ul><li>Zadatek ma na celu zabezpieczenie realizacji umowy, chroni\u0105c obie strony. Je\u015bli nie dojdzie do jej wykonania przez jedn\u0105 ze stron, to ta druga mo\u017ce od niej odst\u0105pi\u0107. W konsekwencji zachowuje otrzymany zadatek, a je\u015bli sama go da\u0142a to mo\u017ce za\u017c\u0105da\u0107 kwoty dwukrotnie wy\u017cszej. Tym samym dyscyplinuje to obie strony w dotrzymaniu warunk\u00f3w zawartej umowy.<\/li><li>W przypadku nieprzyj\u015bcia na zabieg bez odwo\u0142ania go minimum 48 h (2 dni) przed planowan\u0105 wizyt\u0105 zadatek przepada \u2013 jest to rekompensata za zarezerwowany czas, kt\u00f3ry w przypadku braku wcze\u015bniejszego odwo\u0142ania zostaje niewykorzystany przez \u017cadnego klienta.<\/li><li>Zarezerwowany termin mo\u017cna odst\u0105pi\u0107 komu\u015b ze swoich znajomych lub rodziny \u2013 dana osoba przychodzi w dniu i godzinie zaplanowanej wizyty, a my zaproponujemy zabieg dopasowany do potrzeb oraz zarezerwowanego przez pa\u0144stwa czasu. Je\u015bli zabieg si\u0119 nie odb\u0119dzie, zadatek przepada z racji nieskorzystania z us\u0142ugi, a zarezerwowania miejsca.<\/li><\/ul><p>W przypadku odwo\u0142ania zabiegu minimum 48h przed planowanym terminem jej odbycia: nale\u017cy ustali\u0107 kolejny termin wizyty dla siebie lub kogo\u015b z bliskich, a zadatek zostanie przeniesiony na ten kolejny termin.<\/p><p>Bardzo prosimy o punktualne przychodzenie na ustalon\u0105 wizyt\u0119. Sp\u00f3\u017anienie ponad 15 min mo\u017ce skutkowa\u0107 niemo\u017cliwo\u015bci\u0105 wykonania przez nas us\u0142ugi \u2013 wtedy zabieg przepada razem z zadatkiem, poniewa\u017c us\u0142uga nie mo\u017ce zosta\u0107 wykonana z powodu sp\u00f3\u017anienia.<\/p>\t\t\t\t\t\t\t\t<\/div>\n\t\t\t\t<\/div>\n\t\t\t\t\t<\/div>\n\t\t<\/div>\n\t\t\t\t\t<\/div>\n\t\t<\/section>\n\t\t\t\t<section class=\"elementor-section elementor-top-section elementor-element elementor-element-44ec3b80 elementor-section-boxed elementor-section-height-default elementor-section-height-default\" data-id=\"44ec3b80\" data-element_type=\"section\" data-e-type=\"section\" data-settings=\"{&quot;background_background&quot;:&quot;classic&quot;}\">\n\t\t\t\t\t\t<div class=\"elementor-container elementor-column-gap-default\">\n\t\t\t\t\t<div class=\"elementor-column elementor-col-100 elementor-top-column elementor-element elementor-element-10453a40 elementor-invisible\" data-id=\"10453a40\" data-element_type=\"column\" data-e-type=\"column\" data-settings=\"{&quot;animation&quot;:&quot;fadeInUp&quot;}\">\n\t\t\t<div class=\"elementor-widget-wrap elementor-element-populated\">\n\t\t\t\t\t\t<section class=\"elementor-section elementor-inner-section elementor-element elementor-element-28ecb608 elementor-section-full_width elementor-section-height-default elementor-section-height-default\" data-id=\"28ecb608\" data-element_type=\"section\" data-e-type=\"section\">\n\t\t\t\t\t\t<div class=\"elementor-container elementor-column-gap-default\">\n\t\t\t\t\t<div class=\"elementor-column elementor-col-100 elementor-inner-column elementor-element elementor-element-3f102df1\" data-id=\"3f102df1\" data-element_type=\"column\" data-e-type=\"column\">\n\t\t\t<div class=\"elementor-widget-wrap elementor-element-populated\">\n\t\t\t\t\t\t<div class=\"elementor-element elementor-element-2fc3d44b elementor-shape-rounded elementor-grid-0 e-grid-align-center elementor-widget elementor-widget-social-icons\" data-id=\"2fc3d44b\" data-element_type=\"widget\" data-e-type=\"widget\" data-widget_type=\"social-icons.default\">\n\t\t\t\t<div class=\"elementor-widget-container\">\n\t\t\t\t\t\t\t<div class=\"elementor-social-icons-wrapper elementor-grid\" role=\"list\">\n\t\t\t\t\t\t\t<span class=\"elementor-grid-item\" role=\"listitem\">\n\t\t\t\t\t<a class=\"elementor-icon elementor-social-icon elementor-social-icon-facebook elementor-repeater-item-171c8e8\" href=\"https:\/\/www.facebook.com\/profile.php?id=100076481627669&#038;locale=pl_PL\" target=\"_blank\">\n\t\t\t\t\t\t<span class=\"elementor-screen-only\">Facebook<\/span>\n\t\t\t\t\t\t<i aria-hidden=\"true\" class=\"fab fa-facebook\"><\/i>\t\t\t\t\t<\/a>\n\t\t\t\t<\/span>\n\t\t\t\t\t\t\t<span class=\"elementor-grid-item\" role=\"listitem\">\n\t\t\t\t\t<a class=\"elementor-icon elementor-social-icon elementor-social-icon-instagram elementor-repeater-item-a029e76\" href=\"https:\/\/www.instagram.com\/imperium_rzes_i.kostecka\/?igshid=ZDc4ODBmNjlmNQ%3D%3D&#038;fbclid=IwAR2rkDlfxxouc6g6toLLEpQiY2i9LsYlODzlkn6gyA8JWZS_5FGQot9eIdE\" target=\"_blank\">\n\t\t\t\t\t\t<span class=\"elementor-screen-only\">Instagram<\/span>\n\t\t\t\t\t\t<i aria-hidden=\"true\" class=\"fab fa-instagram\"><\/i>\t\t\t\t\t<\/a>\n\t\t\t\t<\/span>\n\t\t\t\t\t\t\t<span class=\"elementor-grid-item\" role=\"listitem\">\n\t\t\t\t\t<a class=\"elementor-icon elementor-social-icon elementor-social-icon-tiktok elementor-repeater-item-adce921\" href=\"http:\/\/tiktok.com\/@imperiumrzes\" target=\"_blank\">\n\t\t\t\t\t\t<span class=\"elementor-screen-only\">Tiktok<\/span>\n\t\t\t\t\t\t<i aria-hidden=\"true\" class=\"fab fa-tiktok\"><\/i>\t\t\t\t\t<\/a>\n\t\t\t\t<\/span>\n\t\t\t\t\t<\/div>\n\t\t\t\t\t\t<\/div>\n\t\t\t\t<\/div>\n\t\t\t\t\t<\/div>\n\t\t<\/div>\n\t\t\t\t\t<\/div>\n\t\t<\/section>\n\t\t\t\t\t<\/div>\n\t\t<\/div>\n\t\t\t\t\t<\/div>\n\t\t<\/section>\n\t\t\t\t<\/div>\n\t\t","protected":false},"excerpt":{"rendered":"<p>Regulamin dotycz\u0105cy Zabiegu Makija\u017cu Permanentnego Rezerwuj\u0105c termin, upewnij si\u0119, \u017ce nie ma \u017cadnych przeciwwskaza\u0144 o wykonania zabiegu.\u2757\ufe0f Konsultacja dotycz\u0105ca wykonania zabiegu makija\u017cu permanentnego jest p\u0142atna, podczas konsultacji wykonujemy rysunek pr\u00f3bny, wykluczamy przeciwwskazania do zabiegu, w razie konieczno\u015bci wykonujemy test alergiczny.\u2714\ufe0f Je\u015bli masz jakiekolwiek w\u0105tpliwo\u015bci dotycz\u0105ce zabiegu, skorzystaj z bezp\u0142atnej konsultacji telefonicznej.\ud83d\udd25 Test alergiczny wykonujemy najp\u00f3\u017aniej [&hellip;]<\/p>\n","protected":false},"author":1,"featured_media":1769,"parent":0,"menu_order":0,"comment_status":"closed","ping_status":"closed","template":"","meta":{"ocean_post_layout":"full-screen","ocean_both_sidebars_style":"","ocean_both_sidebars_content_width":0,"ocean_both_sidebars_sidebars_width":0,"ocean_sidebar":"0","ocean_second_sidebar":"0","ocean_disable_margins":"enable","ocean_add_body_class":"","ocean_shortcode_before_top_bar":"","ocean_shortcode_after_top_bar":"","ocean_shortcode_before_header":"","ocean_shortcode_after_header":"","ocean_has_shortcode":"","ocean_shortcode_after_title":"","ocean_shortcode_before_footer_widgets":"","ocean_shortcode_after_footer_widgets":"","ocean_shortcode_before_footer_bottom":"","ocean_shortcode_after_footer_bottom":"","ocean_display_top_bar":"off","ocean_display_header":"default","ocean_header_style":"","ocean_center_header_left_menu":"0","ocean_custom_header_template":"0","ocean_custom_logo":0,"ocean_custom_retina_logo":0,"ocean_custom_logo_max_width":0,"ocean_custom_logo_tablet_max_width":0,"ocean_custom_logo_mobile_max_width":0,"ocean_custom_logo_max_height":0,"ocean_custom_logo_tablet_max_height":0,"ocean_custom_logo_mobile_max_height":0,"ocean_header_custom_menu":"0","ocean_menu_typo_font_family":"0","ocean_menu_typo_font_subset":"","ocean_menu_typo_font_size":0,"ocean_menu_typo_font_size_tablet":0,"ocean_menu_typo_font_size_mobile":0,"ocean_menu_typo_font_size_unit":"px","ocean_menu_typo_font_weight":"","ocean_menu_typo_font_weight_tablet":"","ocean_menu_typo_font_weight_mobile":"","ocean_menu_typo_transform":"","ocean_menu_typo_transform_tablet":"","ocean_menu_typo_transform_mobile":"","ocean_menu_typo_line_height":0,"ocean_menu_typo_line_height_tablet":0,"ocean_menu_typo_line_height_mobile":0,"ocean_menu_typo_line_height_unit":"","ocean_menu_typo_spacing":0,"ocean_menu_typo_spacing_tablet":0,"ocean_menu_typo_spacing_mobile":0,"ocean_menu_typo_spacing_unit":"","ocean_menu_link_color":"","ocean_menu_link_color_hover":"","ocean_menu_link_color_active":"","ocean_menu_link_background":"","ocean_menu_link_hover_background":"","ocean_menu_link_active_background":"","ocean_menu_social_links_bg":"","ocean_menu_social_hover_links_bg":"","ocean_menu_social_links_color":"","ocean_menu_social_hover_links_color":"","ocean_disable_title":"on","ocean_disable_heading":"default","ocean_post_title":"","ocean_post_subheading":"","ocean_post_title_style":"","ocean_post_title_background_color":"","ocean_post_title_background":0,"ocean_post_title_bg_image_position":"","ocean_post_title_bg_image_attachment":"","ocean_post_title_bg_image_repeat":"","ocean_post_title_bg_image_size":"","ocean_post_title_height":0,"ocean_post_title_bg_overlay":0.5,"ocean_post_title_bg_overlay_color":"","ocean_disable_breadcrumbs":"default","ocean_breadcrumbs_color":"","ocean_breadcrumbs_separator_color":"","ocean_breadcrumbs_links_color":"","ocean_breadcrumbs_links_hover_color":"","ocean_display_footer_widgets":"off","ocean_display_footer_bottom":"default","ocean_custom_footer_template":"0","footnotes":""},"class_list":["post-522","page","type-page","status-publish","has-post-thumbnail","hentry","entry","has-media"],"_links":{"self":[{"href":"https:\/\/izabelakostecka.pl\/index.php?rest_route=\/wp\/v2\/pages\/522","targetHints":{"allow":["GET"]}}],"collection":[{"href":"https:\/\/izabelakostecka.pl\/index.php?rest_route=\/wp\/v2\/pages"}],"about":[{"href":"https:\/\/izabelakostecka.pl\/index.php?rest_route=\/wp\/v2\/types\/page"}],"author":[{"embeddable":true,"href":"https:\/\/izabelakostecka.pl\/index.php?rest_route=\/wp\/v2\/users\/1"}],"replies":[{"embeddable":true,"href":"https:\/\/izabelakostecka.pl\/index.php?rest_route=%2Fwp%2Fv2%2Fcomments&post=522"}],"version-history":[{"count":29,"href":"https:\/\/izabelakostecka.pl\/index.php?rest_route=\/wp\/v2\/pages\/522\/revisions"}],"predecessor-version":[{"id":2223,"href":"https:\/\/izabelakostecka.pl\/index.php?rest_route=\/wp\/v2\/pages\/522\/revisions\/2223"}],"wp:featuredmedia":[{"embeddable":true,"href":"https:\/\/izabelakostecka.pl\/index.php?rest_route=\/wp\/v2\/media\/1769"}],"wp:attachment":[{"href":"https:\/\/izabelakostecka.pl\/index.php?rest_route=%2Fwp%2Fv2%2Fmedia&parent=522"}],"curies":[{"name":"wp","href":"https:\/\/api.w.org\/{rel}","templated":true}]}}