{"id":520,"date":"2023-06-15T12:57:18","date_gmt":"2023-06-15T10:57:18","guid":{"rendered":"https:\/\/izabelakostecka.pl\/?page_id=520"},"modified":"2023-11-30T09:48:12","modified_gmt":"2023-11-30T08:48:12","slug":"regulamin-salonu","status":"publish","type":"page","link":"https:\/\/izabelakostecka.pl\/?page_id=520","title":{"rendered":"Regulamin Salonu"},"content":{"rendered":"\t\t<div data-elementor-type=\"wp-page\" data-elementor-id=\"520\" class=\"elementor elementor-520\">\n\t\t\t\t\t\t<section class=\"elementor-section elementor-top-section elementor-element elementor-element-194084bb elementor-section-height-min-height elementor-section-full_width elementor-section-height-default elementor-section-items-middle\" data-id=\"194084bb\" data-element_type=\"section\" data-e-type=\"section\" data-settings=\"{&quot;background_background&quot;:&quot;classic&quot;}\">\n\t\t\t\t\t\t\t<div class=\"elementor-background-overlay\"><\/div>\n\t\t\t\t\t\t\t<div class=\"elementor-container elementor-column-gap-default\">\n\t\t\t\t\t<main class=\"elementor-column elementor-col-100 elementor-top-column elementor-element elementor-element-531e884c\" data-id=\"531e884c\" data-element_type=\"column\" data-e-type=\"column\">\n\t\t\t<div class=\"elementor-widget-wrap\">\n\t\t\t\t\t\t\t<\/div>\n\t\t<\/main>\n\t\t\t\t\t<\/div>\n\t\t<\/section>\n\t\t\t\t<section class=\"elementor-section elementor-top-section elementor-element elementor-element-3109d72 elementor-section-boxed elementor-section-height-default elementor-section-height-default\" data-id=\"3109d72\" data-element_type=\"section\" data-e-type=\"section\">\n\t\t\t\t\t\t<div class=\"elementor-container elementor-column-gap-default\">\n\t\t\t\t\t<div class=\"elementor-column elementor-col-100 elementor-top-column elementor-element elementor-element-883ed2a\" data-id=\"883ed2a\" data-element_type=\"column\" data-e-type=\"column\">\n\t\t\t<div class=\"elementor-widget-wrap elementor-element-populated\">\n\t\t\t\t\t\t<div class=\"elementor-element elementor-element-756a550a elementor-invisible elementor-widget elementor-widget-heading\" data-id=\"756a550a\" data-element_type=\"widget\" data-e-type=\"widget\" data-settings=\"{&quot;_animation&quot;:&quot;fadeInDown&quot;,&quot;_animation_delay&quot;:0}\" data-widget_type=\"heading.default\">\n\t\t\t\t<div class=\"elementor-widget-container\">\n\t\t\t\t\t<h1 class=\"elementor-heading-title elementor-size-default\">Regulamin Salonu<\/h1>\t\t\t\t<\/div>\n\t\t\t\t<\/div>\n\t\t\t\t<div class=\"elementor-element elementor-element-3831585 elementor-widget elementor-widget-text-editor\" data-id=\"3831585\" data-element_type=\"widget\" data-e-type=\"widget\" data-widget_type=\"text-editor.default\">\n\t\t\t\t<div class=\"elementor-widget-container\">\n\t\t\t\t\t\t\t\t\t<p>\u2764\u2764 REGULAMIN SALONU IMPERIUM RZ\u0118S IZABELA KOSTECKA \u2764\u2764<\/p><ol><li>Rezerwacje wizyt odbywaj\u0105 si\u0119 Online przez <a href=\"https:\/\/booksy.com\/pl-pl\/118992_imperium-rzes-izabela-kostecka_brwi-i-rzesy_7461_trawniki?do=invite&amp;_branch_match_id=1190202274542253865&amp;utm_medium=merchant_customer_invite&amp;_branch_referrer=H4sIAAAAAAAAA8soKSkottLXT07J0UvKz88urtRLzs%2FVzyt08S0rCAtNrkwCADFJYCYiAAAA\">Booksy<\/a>, <a href=\"https:\/\/www.facebook.com\/profile.php?id=100076481627669&amp;locale=pl_PL\">Facebook<\/a>, Instagram,\u00a0 kontakt telefoniczny lub na miejscu podczas wizyty.\ud83e\udd33<\/li><li>Zalecam system umawiania si\u0119 na 2 wizyty do przodu. W przypadku klientek, kt\u00f3re mog\u0105 przyj\u015b\u0107 na wizyt\u0119 tylko w godzinach popo\u0142udniowych zapisy 3 wizyty do przodu. W innym przypadku nie gwarantuje dost\u0119pnych termin\u00f3w.\ud83d\ude4b\u200d\u2640\ufe0f<\/li><li>Zapisuj\u0105c si\u0119 na wizyt\u0119, o\u015bwiadczasz, \u017ce masz uko\u0144czone 18 lat. Osoby poni\u017cej 18 roku \u017cycia musz\u0105 mie\u0107 pisemn\u0105 zgod\u0119 rodzica na wykonanie zabiegu (wz\u00f3r dokumentu dost\u0119pny jest w salonie, jest mo\u017cliwo\u015b\u0107 przes\u0142anie wzoru drog\u0105 mejlow\u0105).<\/li><li>Nie stawienie si\u0119 na wizyt\u0119 w um\u00f3wionym terminie (prze\u0142o\u017cenie lub odwo\u0142anie w ci\u0105gu 48 h przed wizyt\u0105) skutkuje konieczno\u015bci\u0105 wp\u0142aty zadatku w wysoko\u015bci 100 z\u0142 do 4 dni przed nast\u0119pn\u0105 wizyt\u0105. Zadatek jest rozliczany podczas p\u0142atno\u015bci za wykonan\u0105 us\u0142ug\u0119.\ud83d\udcb5<\/li><li>Nie stawienie si\u0119 (lub prze\u0142o\u017cenie wizyty w ostatniej chwili 48 h przed) na wizyt\u0119 2 x z rz\u0119du skutkuje brakiem mo\u017cliwo\u015bci zapisania na kolejne wizyty \ud83d\ude32<\/li><li>W razie sp\u00f3\u017anienia powy\u017cej 15 min na us\u0142ug\u0119 klient musi liczy\u0107 si\u0119 z niekompletnie wykonan\u0105 us\u0142ug\u0105, brakiem mo\u017cliwo\u015bci zg\u0142oszenia reklamacji w tym zakresie lub niewykonaniem zabiegu. Nie powoduje to tak\u017ce obni\u017cenia ceny w przypadku jego wykonania.\ud83e\udd37\u200d\u2640\ufe0f<\/li><li>Klient przed przyst\u0105pieniem do zabiegu zaznajamiany jest z przeciwwskazaniami , skutkami ubocznymi jak i zaleceniami po zabiegowymi. Ma ich pe\u0142n\u0105 \u015bwiadomo\u015b\u0107 i je akceptuje.\ud83d\ude01<\/li><li>Klient przed rozpocz\u0119ciem zabiegu maj\u0105 obowi\u0105zek powiadomienia pracownika o wszelkich dolegliwo\u015bciach mog\u0105cych stanowi\u0107 przeciwskazanie do przeprowadzenia zabiegu, w szczeg\u00f3lno\u015bci o przewlek\u0142ych chorobach (problemy z tarczyc\u0105, alergie, choroby oczu, antybiotykoterapie, operacje) \ud83e\udd17<\/li><li>Wszystkie problemy zdrowotne mog\u0105 wp\u0142ywa\u0107 na trwa\u0142o\u015b\u0107 aplikacji, tj. problemy z tarczyc\u0105, hormonalne, ci\u0105\u017ca, bardzo t\u0142usta cera, antybiotykoterapia, przewlek\u0142y lub silny stres. W przypadku zatajenia wspomnianych informacji, pracownicy salonu s\u0105 zwolnieni z odpowiedzialno\u015bci za ewentualne konsekwencje \ud83d\ude09<\/li><li>Klient zobowi\u0105zany jest do natychmiastowego poinformowania Pracownika o pogorszeniu swojego samopoczucia podczas zabiegu.<\/li><li>Pracownicy gabinetu w uzasadnionych przypadkach zastrzegaj\u0105 sobie prawo do odmowy wykonania zabiegu.\ud83d\ude49<\/li><li>Ka\u017cda klientka przed zabiegiem musi umy\u0107 rz\u0119sy specjalnie do tego celu przeznaczonym szamponem dost\u0119pnym w salonie (\u0142azienka lub gabinety).\ud83d\udca6<\/li><li>Uzupe\u0142nienie rz\u0119s wykonujemy do 4 tygodni (28 dni) od zabiegu, pod warunkiem \u017ce pozosta\u0142o min 30% poprzedniej aplikacji. W innym razie obowi\u0105zuje cena za now\u0105 aplikacj\u0119.\ud83d\udd5b<\/li><li>Nie uzupe\u0142niamy rz\u0119s po innych stylistkach \ud83e\udd20<\/li><li>Po\u00a0 3-4 uzupe\u0142nieniach, zdejmujemy rz\u0119sy i kolejn\u0105 aplikacj\u0119 nak\u0142adamy now\u0105. O tym te\u017c informuje stylistka. Klientka w tej sytuacji nie ponosi koszt\u00f3w za zdejmowanie. Tylko p\u0142aci za now\u0105 aplikacj\u0119. \ud83d\ude0e<\/li><li>Reklamacje dotycz\u0105ce aplikacji uznajemy do 5 dni od ostatniego zabiegu.\ud83d\ude03<\/li><li>Klientka proszona jest, aby nie przychodzi\u0107 na um\u00f3wion\u0105 wizyt\u0119 wcze\u015bniej, ni\u017c 10 minut przed ustalon\u0105 godzin\u0105 zabiegu.\ud83d\ude4f<\/li><li>Nie przyjmuj\u0119 klientek z osob\u0105 towarzysz\u0105c\u0105.\ud83d\udc69\u200d\ud83d\udc67\u200d\ud83d\udc66<\/li><li>Nie przyjmuj\u0119 klientek, kt\u00f3re s\u0105 chore lub przezi\u0119bione. W takim przypadku odmawiam wykonania zabiegu.\ud83e\udd27<\/li><li>W przypadku przyj\u015bcia na wizyt\u0119 z makija\u017cem, zastrzegam sobie prawo do wykonania us\u0142ugi demakija\u017cu brzegu powieki za dodatkow\u0105 op\u0142at\u0105 25 z\u0142. \ud83e\uddd6\u200d\u2640\ufe0f<\/li><li>Klientka rozumie, \u017ce podczas aplikacji musi zachowa\u0107 spok\u00f3j, mie\u0107 zamkni\u0119te oczy przez ca\u0142y zabieg. Nie wolno tak\u017ce \u017cu\u0107 gumy i rozmawia\u0107 przez telefon. Prosimy o wyciszenie telefonu.\ud83d\udd15<\/li><li>Klient ponosi odpowiedzialno\u015b\u0107 finansow\u0105 za \u015bwiadome uszkodzenie b\u0105d\u017a zniszczenie wyposa\u017cenia gabinetu kosmetycznego.\ud83d\udee0<\/li><\/ol><p>REGULAMIN ZADATK\u00d3W<\/p><p>Zadatek zostanie odj\u0119ty od kwoty zabiegu po jego wykonaniu.<\/p><ul><li>Zadatek ma na celu, zabezpieczenie realizacji umowy chroni\u0105c obie strony. Je\u015bli nie dojdzie do jej wykonania przez jedn\u0105 ze stron, to ta druga mo\u017ce od niej odst\u0105pi\u0107. W konsekwencji zachowuje otrzymany zadatek, a je\u015bli sama go da\u0142a to mo\u017ce za\u017c\u0105da\u0107 kwoty dwukrotnie wy\u017cszej. Tym samym dyscyplinuje to obie strony w dotrzymaniu warunk\u00f3w zawartej umowy.<\/li><li>W przypadku nieprzyj\u015bcia na zabieg bez odwo\u0142ania go minimum 48 h (2 dni) przed planowan\u0105 wizyt\u0105 zadatek przepada \u2013 jest to rekompensata za zarezerwowany czas, kt\u00f3ry w przypadku braku wcze\u015bniejszego odwo\u0142ania zostaje niewykorzystany przez \u017cadnego klienta.<\/li><li>Zarezerwowany termin mo\u017cna odst\u0105pi\u0107 komu\u015b ze swoich znajomych lub rodziny \u2013 dana osoba przychodzi w dniu i godzinie zaplanowanej wizyty, a my zaproponujemy zabieg dopasowany do potrzeb oraz zarezerwowanego przez pa\u0144stwa czasu. Je\u015bli zabieg si\u0119 nie odb\u0119dzie, zadatek przepada z racji nieskorzystania z us\u0142ugi, a zarezerwowania miejsca.<\/li><\/ul><p>W przypadku odwo\u0142ania zabiegu minimum 48h przed planowanym terminem jej odbycia: nale\u017cy ustali\u0107 kolejny termin wizyty dla siebie lub kogo\u015b z bliskich, a zadatek zostanie przeniesiony na ten kolejny termin.<\/p><p>Bardzo prosimy o punktualne przychodzenie na ustalon\u0105 wizyt\u0119. Sp\u00f3\u017anienie ponad 15 min mo\u017ce skutkowa\u0107 niemo\u017cliwo\u015bci\u0105 wykonania przez nas us\u0142ugi \u2013 wtedy zabieg przepada razem z zadatkiem, poniewa\u017c us\u0142uga nie mo\u017ce zosta\u0107 wykonana z powodu sp\u00f3\u017anienia.<\/p><p>\u2764 Skorzystanie z us\u0142ugi wykonanej w Imperium Rz\u0119s oznacza akceptacj\u0119 regulaminu. Regulamin dost\u0119pny jest w salonie przy recepcji, na stronie internetowej oraz na Facebooku Imperium Rz\u0119s Izabela Kostecka.\u270d<\/p>\t\t\t\t\t\t\t\t<\/div>\n\t\t\t\t<\/div>\n\t\t\t\t\t<\/div>\n\t\t<\/div>\n\t\t\t\t\t<\/div>\n\t\t<\/section>\n\t\t\t\t<section class=\"elementor-section elementor-top-section elementor-element elementor-element-5878a87a elementor-section-boxed elementor-section-height-default elementor-section-height-default\" data-id=\"5878a87a\" data-element_type=\"section\" data-e-type=\"section\" data-settings=\"{&quot;background_background&quot;:&quot;classic&quot;}\">\n\t\t\t\t\t\t<div class=\"elementor-container elementor-column-gap-default\">\n\t\t\t\t\t<div class=\"elementor-column elementor-col-100 elementor-top-column elementor-element elementor-element-73f459cf elementor-invisible\" data-id=\"73f459cf\" data-element_type=\"column\" data-e-type=\"column\" data-settings=\"{&quot;animation&quot;:&quot;fadeInUp&quot;}\">\n\t\t\t<div class=\"elementor-widget-wrap elementor-element-populated\">\n\t\t\t\t\t\t<section class=\"elementor-section elementor-inner-section elementor-element elementor-element-68880530 elementor-section-full_width elementor-section-height-default elementor-section-height-default\" data-id=\"68880530\" data-element_type=\"section\" data-e-type=\"section\">\n\t\t\t\t\t\t<div class=\"elementor-container elementor-column-gap-default\">\n\t\t\t\t\t<div class=\"elementor-column elementor-col-100 elementor-inner-column elementor-element elementor-element-3c20353d\" data-id=\"3c20353d\" data-element_type=\"column\" data-e-type=\"column\">\n\t\t\t<div class=\"elementor-widget-wrap elementor-element-populated\">\n\t\t\t\t\t\t<div class=\"elementor-element elementor-element-73c9e6c7 elementor-shape-rounded elementor-grid-0 e-grid-align-center elementor-widget elementor-widget-social-icons\" data-id=\"73c9e6c7\" data-element_type=\"widget\" data-e-type=\"widget\" data-widget_type=\"social-icons.default\">\n\t\t\t\t<div class=\"elementor-widget-container\">\n\t\t\t\t\t\t\t<div class=\"elementor-social-icons-wrapper elementor-grid\" role=\"list\">\n\t\t\t\t\t\t\t<span class=\"elementor-grid-item\" role=\"listitem\">\n\t\t\t\t\t<a class=\"elementor-icon elementor-social-icon elementor-social-icon-facebook elementor-repeater-item-171c8e8\" href=\"https:\/\/www.facebook.com\/profile.php?id=100076481627669&#038;locale=pl_PL\" target=\"_blank\">\n\t\t\t\t\t\t<span class=\"elementor-screen-only\">Facebook<\/span>\n\t\t\t\t\t\t<i aria-hidden=\"true\" class=\"fab fa-facebook\"><\/i>\t\t\t\t\t<\/a>\n\t\t\t\t<\/span>\n\t\t\t\t\t\t\t<span class=\"elementor-grid-item\" role=\"listitem\">\n\t\t\t\t\t<a class=\"elementor-icon elementor-social-icon elementor-social-icon-instagram elementor-repeater-item-a029e76\" href=\"https:\/\/www.instagram.com\/imperium_rzes_i.kostecka\/?igshid=ZDc4ODBmNjlmNQ%3D%3D&#038;fbclid=IwAR2rkDlfxxouc6g6toLLEpQiY2i9LsYlODzlkn6gyA8JWZS_5FGQot9eIdE\" target=\"_blank\">\n\t\t\t\t\t\t<span class=\"elementor-screen-only\">Instagram<\/span>\n\t\t\t\t\t\t<i aria-hidden=\"true\" class=\"fab fa-instagram\"><\/i>\t\t\t\t\t<\/a>\n\t\t\t\t<\/span>\n\t\t\t\t\t\t\t<span class=\"elementor-grid-item\" role=\"listitem\">\n\t\t\t\t\t<a class=\"elementor-icon elementor-social-icon elementor-social-icon-tiktok elementor-repeater-item-adce921\" href=\"http:\/\/tiktok.com\/@imperiumrzes\" target=\"_blank\">\n\t\t\t\t\t\t<span class=\"elementor-screen-only\">Tiktok<\/span>\n\t\t\t\t\t\t<i aria-hidden=\"true\" class=\"fab fa-tiktok\"><\/i>\t\t\t\t\t<\/a>\n\t\t\t\t<\/span>\n\t\t\t\t\t<\/div>\n\t\t\t\t\t\t<\/div>\n\t\t\t\t<\/div>\n\t\t\t\t\t<\/div>\n\t\t<\/div>\n\t\t\t\t\t<\/div>\n\t\t<\/section>\n\t\t\t\t\t<\/div>\n\t\t<\/div>\n\t\t\t\t\t<\/div>\n\t\t<\/section>\n\t\t\t\t<\/div>\n\t\t","protected":false},"excerpt":{"rendered":"<p>Regulamin Salonu \u2764\u2764 REGULAMIN SALONU IMPERIUM RZ\u0118S IZABELA KOSTECKA \u2764\u2764 Rezerwacje wizyt odbywaj\u0105 si\u0119 Online przez Booksy, Facebook, Instagram,&nbsp; kontakt telefoniczny lub na miejscu podczas wizyty.\ud83e\udd33 Zalecam system umawiania si\u0119 na 2 wizyty do przodu. W przypadku klientek, kt\u00f3re mog\u0105 przyj\u015b\u0107 na wizyt\u0119 tylko w godzinach popo\u0142udniowych zapisy 3 wizyty do przodu. W innym przypadku [&hellip;]<\/p>\n","protected":false},"author":1,"featured_media":1769,"parent":0,"menu_order":0,"comment_status":"closed","ping_status":"closed","template":"","meta":{"ocean_post_layout":"full-screen","ocean_both_sidebars_style":"","ocean_both_sidebars_content_width":0,"ocean_both_sidebars_sidebars_width":0,"ocean_sidebar":"0","ocean_second_sidebar":"0","ocean_disable_margins":"enable","ocean_add_body_class":"","ocean_shortcode_before_top_bar":"","ocean_shortcode_after_top_bar":"","ocean_shortcode_before_header":"","ocean_shortcode_after_header":"","ocean_has_shortcode":"","ocean_shortcode_after_title":"","ocean_shortcode_before_footer_widgets":"","ocean_shortcode_after_footer_widgets":"","ocean_shortcode_before_footer_bottom":"","ocean_shortcode_after_footer_bottom":"","ocean_display_top_bar":"off","ocean_display_header":"default","ocean_header_style":"","ocean_center_header_left_menu":"0","ocean_custom_header_template":"0","ocean_custom_logo":0,"ocean_custom_retina_logo":0,"ocean_custom_logo_max_width":0,"ocean_custom_logo_tablet_max_width":0,"ocean_custom_logo_mobile_max_width":0,"ocean_custom_logo_max_height":0,"ocean_custom_logo_tablet_max_height":0,"ocean_custom_logo_mobile_max_height":0,"ocean_header_custom_menu":"0","ocean_menu_typo_font_family":"0","ocean_menu_typo_font_subset":"","ocean_menu_typo_font_size":0,"ocean_menu_typo_font_size_tablet":0,"ocean_menu_typo_font_size_mobile":0,"ocean_menu_typo_font_size_unit":"px","ocean_menu_typo_font_weight":"","ocean_menu_typo_font_weight_tablet":"","ocean_menu_typo_font_weight_mobile":"","ocean_menu_typo_transform":"","ocean_menu_typo_transform_tablet":"","ocean_menu_typo_transform_mobile":"","ocean_menu_typo_line_height":0,"ocean_menu_typo_line_height_tablet":0,"ocean_menu_typo_line_height_mobile":0,"ocean_menu_typo_line_height_unit":"","ocean_menu_typo_spacing":0,"ocean_menu_typo_spacing_tablet":0,"ocean_menu_typo_spacing_mobile":0,"ocean_menu_typo_spacing_unit":"","ocean_menu_link_color":"","ocean_menu_link_color_hover":"","ocean_menu_link_color_active":"","ocean_menu_link_background":"","ocean_menu_link_hover_background":"","ocean_menu_link_active_background":"","ocean_menu_social_links_bg":"","ocean_menu_social_hover_links_bg":"","ocean_menu_social_links_color":"","ocean_menu_social_hover_links_color":"","ocean_disable_title":"on","ocean_disable_heading":"default","ocean_post_title":"","ocean_post_subheading":"","ocean_post_title_style":"","ocean_post_title_background_color":"","ocean_post_title_background":0,"ocean_post_title_bg_image_position":"","ocean_post_title_bg_image_attachment":"","ocean_post_title_bg_image_repeat":"","ocean_post_title_bg_image_size":"","ocean_post_title_height":0,"ocean_post_title_bg_overlay":0.5,"ocean_post_title_bg_overlay_color":"","ocean_disable_breadcrumbs":"default","ocean_breadcrumbs_color":"","ocean_breadcrumbs_separator_color":"","ocean_breadcrumbs_links_color":"","ocean_breadcrumbs_links_hover_color":"","ocean_display_footer_widgets":"off","ocean_display_footer_bottom":"default","ocean_custom_footer_template":"0","footnotes":""},"class_list":["post-520","page","type-page","status-publish","has-post-thumbnail","hentry","entry","has-media"],"_links":{"self":[{"href":"https:\/\/izabelakostecka.pl\/index.php?rest_route=\/wp\/v2\/pages\/520","targetHints":{"allow":["GET"]}}],"collection":[{"href":"https:\/\/izabelakostecka.pl\/index.php?rest_route=\/wp\/v2\/pages"}],"about":[{"href":"https:\/\/izabelakostecka.pl\/index.php?rest_route=\/wp\/v2\/types\/page"}],"author":[{"embeddable":true,"href":"https:\/\/izabelakostecka.pl\/index.php?rest_route=\/wp\/v2\/users\/1"}],"replies":[{"embeddable":true,"href":"https:\/\/izabelakostecka.pl\/index.php?rest_route=%2Fwp%2Fv2%2Fcomments&post=520"}],"version-history":[{"count":35,"href":"https:\/\/izabelakostecka.pl\/index.php?rest_route=\/wp\/v2\/pages\/520\/revisions"}],"predecessor-version":[{"id":2224,"href":"https:\/\/izabelakostecka.pl\/index.php?rest_route=\/wp\/v2\/pages\/520\/revisions\/2224"}],"wp:featuredmedia":[{"embeddable":true,"href":"https:\/\/izabelakostecka.pl\/index.php?rest_route=\/wp\/v2\/media\/1769"}],"wp:attachment":[{"href":"https:\/\/izabelakostecka.pl\/index.php?rest_route=%2Fwp%2Fv2%2Fmedia&parent=520"}],"curies":[{"name":"wp","href":"https:\/\/api.w.org\/{rel}","templated":true}]}}