{"id":518,"date":"2023-06-15T12:57:04","date_gmt":"2023-06-15T10:57:04","guid":{"rendered":"https:\/\/izabelakostecka.pl\/?page_id=518"},"modified":"2023-11-30T09:48:40","modified_gmt":"2023-11-30T08:48:40","slug":"rodo","status":"publish","type":"page","link":"https:\/\/izabelakostecka.pl\/?page_id=518","title":{"rendered":"RODO"},"content":{"rendered":"\t\t<div data-elementor-type=\"wp-page\" data-elementor-id=\"518\" class=\"elementor elementor-518\">\n\t\t\t\t\t\t<section class=\"elementor-section elementor-top-section elementor-element elementor-element-76f6af02 elementor-section-height-min-height elementor-section-full_width elementor-section-height-default elementor-section-items-middle\" data-id=\"76f6af02\" data-element_type=\"section\" data-e-type=\"section\" data-settings=\"{&quot;background_background&quot;:&quot;classic&quot;}\">\n\t\t\t\t\t\t\t<div class=\"elementor-background-overlay\"><\/div>\n\t\t\t\t\t\t\t<div class=\"elementor-container elementor-column-gap-default\">\n\t\t\t\t\t<main class=\"elementor-column elementor-col-100 elementor-top-column elementor-element elementor-element-71a30712\" data-id=\"71a30712\" data-element_type=\"column\" data-e-type=\"column\">\n\t\t\t<div class=\"elementor-widget-wrap\">\n\t\t\t\t\t\t\t<\/div>\n\t\t<\/main>\n\t\t\t\t\t<\/div>\n\t\t<\/section>\n\t\t\t\t<section class=\"elementor-section elementor-top-section elementor-element elementor-element-2a6994a elementor-section-boxed elementor-section-height-default elementor-section-height-default\" data-id=\"2a6994a\" data-element_type=\"section\" data-e-type=\"section\">\n\t\t\t\t\t\t<div class=\"elementor-container elementor-column-gap-default\">\n\t\t\t\t\t<div class=\"elementor-column elementor-col-100 elementor-top-column elementor-element elementor-element-9dca3bd\" data-id=\"9dca3bd\" data-element_type=\"column\" data-e-type=\"column\">\n\t\t\t<div class=\"elementor-widget-wrap elementor-element-populated\">\n\t\t\t\t\t\t<div class=\"elementor-element elementor-element-1f989b1e elementor-invisible elementor-widget elementor-widget-heading\" data-id=\"1f989b1e\" data-element_type=\"widget\" data-e-type=\"widget\" data-settings=\"{&quot;_animation&quot;:&quot;fadeInDown&quot;,&quot;_animation_delay&quot;:0}\" data-widget_type=\"heading.default\">\n\t\t\t\t<div class=\"elementor-widget-container\">\n\t\t\t\t\t<h1 class=\"elementor-heading-title elementor-size-default\">RODO<\/h1>\t\t\t\t<\/div>\n\t\t\t\t<\/div>\n\t\t\t\t<div class=\"elementor-element elementor-element-3f37312 elementor-widget elementor-widget-text-editor\" data-id=\"3f37312\" data-element_type=\"widget\" data-e-type=\"widget\" data-widget_type=\"text-editor.default\">\n\t\t\t\t<div class=\"elementor-widget-container\">\n\t\t\t\t\t\t\t\t\t<p>\u201eWsp\u00f3\u0142administratorami Pani\/Pana danych osobowych jest Imperium Rz\u0119s Izabela Kostecka, Ole\u015bniki 294, 21-044 Trawniki, NIP:7123257668<\/p><p>Podanie danych osobowych jest dobrowolne, ale konieczne do podj\u0119cia dzia\u0142a\u0144, kt\u00f3rych \u017c\u0105da osoba, kt\u00f3rej dane dotycz\u0105, gdy\u017c w przypadku niepodania danych nie jest mo\u017cliwe podj\u0119cie \u017cadnych dzia\u0142a\u0144.<\/p><p>Dane osobowe przetwarzane s\u0105 w kilku r\u00f3\u017cnych celach i na kilku r\u00f3\u017cnych podstawach prawnych, a mianowicie:<\/p><ol><li>Dane osobowe s\u0105 przetwarzane w celu podj\u0119cia dzia\u0142a\u0144 na \u017c\u0105danie osoby, kt\u00f3rej dane dotycz\u0105 na podstawie art. 6 ust.1 lit. B) Rozporz\u0105dzenia Parlamentu Europejskiego i Rady (UE) z dnia 27 kwietnia 2016 roku, gdy\u017c przetwarzanie jest niezb\u0119dne do podj\u0119cia dzia\u0142a\u0144 na \u017c\u0105danie osoby, kt\u00f3rej dane dotycz\u0105 przez okres 5 lat;<\/li><li>Dane osobowe przetwarzane s\u0105 do cel\u00f3w marketingu bezpo\u015bredniego na podstawie art.6 ust.1 lit. F) Rozporz\u0105dzenia Parlamentu Europejskiego i Rady (UE) z dnia 27 kwietnia 2016 roku, gdy\u017c przetwarzanie jest niezb\u0119dne do realizowania prawnie uzasadnionych interes\u00f3w wsp\u00f3\u0142administrator\u00f3w do czasu zako\u0144czenia prowadzenia dzia\u0142alno\u015bci marketingowej przez wsp\u00f3\u0142aministrator\u00f3w.<\/li><\/ol><p>W zwi\u0105zku z przetwarzaniem danych osobowych jest mo\u017cliwo\u015b\u0107 skorzystania z prawa do \u017c\u0105dania dost\u0119pu do danych osobowych, z prawa do sprostowania lub usuni\u0119cia danych osobowych, z prawa do ograniczenia przetwarzania danych osobowych oraz prawa do wniesienia sprzeciwu wobec przetwarzania danych osobowych i z prawa do przenoszenia danych osobowych. Wszelkie kwestie zwi\u0105zane z ochron\u0105 danych osobowych wobec obu wsp\u00f3\u0142administrator\u00f3w prosimy zg\u0142asza\u0107 na adres e-mail: kontakt@izabelakostecka.pl<\/p><p>Ponadto, w zwi\u0105zku z przetwarzaniem danych osobowych jest mo\u017cliwo\u015b\u0107 wniesienia skargi do Prezesa Urz\u0119du Ochrony Danych.<\/p><p>Odbiorcami danych osobowych, kt\u00f3re przetwarzaj\u0105 wsp\u00f3\u0142administratorzy s\u0105 osoby wsp\u00f3\u0142pracuj\u0105ce z wsp\u00f3\u0142administratorami w ramach wykonania zabieg\u00f3w i prowadzenia biura oraz podmioty zewn\u0119trzne, z kt\u00f3rych us\u0142ug korzystaj\u0105 wsp\u00f3\u0142administratorzy.<\/p><p>Dane osobowe nie s\u0105 przekazywane do pa\u0144stw trzecich.<\/p><p>Dane osobowe Klienta tj. imi\u0119, nazwisko, numer telefonu oraz adres e-mail i nazwa us\u0142ugi, z kt\u00f3rej korzysta \/b\u0119dzie korzysta\u0107 Klient, s\u0105 przekazywane do podmiotu b\u0119d\u0105cego odbiorc\u0105 danych osobowych tj. firmy BOOKSY INTERNATIONAL SP\u00d3\u0141KA Z OGRANICZON\u0104 ODPOWIEDZIALNO\u015aCI\u0104 ul. PROSTA 67\/00-838 WARSZAWA MAZOWIECKIE NIP\u00a0\u00a0\u00a0\u00a0 9512381607 a Administrator danych (ImperiumRz\u0119sIzabelaKostecka) powierza dane osobowe (np. imi\u0119, nazwisko, tel., e-mail, nazw\u0119 us\u0142ugi, na kt\u00f3r\u0105 zapisa\u0142 si\u0119 Klient, informacj\u0119 czy wizyta si\u0119 odby\u0142a, czy zosta\u0142a przesuni\u0119ta lub odwo\u0142ana), kt\u00f3ra z kolei, na podstawie umowy powierzenia danych\u00a0 osobowych zawartej pomi\u0119dzy Administratorem a BOOKSY przetwarza ww. dane w celach zwi\u0105zanych z dzia\u0142alno\u015bci\u0105 salonu, w tym w zakresie opisanym powy\u017cej.<\/p><p>Wsp\u00f3\u0142administratorzy przetwarzaj\u0105 dane osobowe zgodnie z prawem oraz stosuj\u0105 odpowiednie \u015brodki organizacyjne i techniczne wymagane przez przepisy Rozporz\u0105dzenia Parlamentu Europejskiego i Rady (UE) z dnia 27 kwietnia 2016 roku.<\/p>\t\t\t\t\t\t\t\t<\/div>\n\t\t\t\t<\/div>\n\t\t\t\t\t<\/div>\n\t\t<\/div>\n\t\t\t\t\t<\/div>\n\t\t<\/section>\n\t\t\t\t<section class=\"elementor-section elementor-top-section elementor-element elementor-element-646635f4 elementor-section-boxed elementor-section-height-default elementor-section-height-default\" data-id=\"646635f4\" data-element_type=\"section\" data-e-type=\"section\" data-settings=\"{&quot;background_background&quot;:&quot;classic&quot;}\">\n\t\t\t\t\t\t<div class=\"elementor-container elementor-column-gap-default\">\n\t\t\t\t\t<div class=\"elementor-column elementor-col-100 elementor-top-column elementor-element elementor-element-196b73b9 elementor-invisible\" data-id=\"196b73b9\" data-element_type=\"column\" data-e-type=\"column\" data-settings=\"{&quot;animation&quot;:&quot;fadeInUp&quot;}\">\n\t\t\t<div class=\"elementor-widget-wrap elementor-element-populated\">\n\t\t\t\t\t\t<section class=\"elementor-section elementor-inner-section elementor-element elementor-element-1af5f771 elementor-section-full_width elementor-section-height-default elementor-section-height-default\" data-id=\"1af5f771\" data-element_type=\"section\" data-e-type=\"section\">\n\t\t\t\t\t\t<div class=\"elementor-container elementor-column-gap-default\">\n\t\t\t\t\t<div class=\"elementor-column elementor-col-100 elementor-inner-column elementor-element elementor-element-6025bd5f\" data-id=\"6025bd5f\" data-element_type=\"column\" data-e-type=\"column\">\n\t\t\t<div class=\"elementor-widget-wrap elementor-element-populated\">\n\t\t\t\t\t\t<div class=\"elementor-element elementor-element-25270cb8 elementor-shape-rounded elementor-grid-0 e-grid-align-center elementor-widget elementor-widget-social-icons\" data-id=\"25270cb8\" data-element_type=\"widget\" data-e-type=\"widget\" data-widget_type=\"social-icons.default\">\n\t\t\t\t<div class=\"elementor-widget-container\">\n\t\t\t\t\t\t\t<div class=\"elementor-social-icons-wrapper elementor-grid\" role=\"list\">\n\t\t\t\t\t\t\t<span class=\"elementor-grid-item\" role=\"listitem\">\n\t\t\t\t\t<a class=\"elementor-icon elementor-social-icon elementor-social-icon-facebook elementor-repeater-item-171c8e8\" href=\"https:\/\/www.facebook.com\/profile.php?id=100076481627669&#038;locale=pl_PL\" target=\"_blank\">\n\t\t\t\t\t\t<span class=\"elementor-screen-only\">Facebook<\/span>\n\t\t\t\t\t\t<i aria-hidden=\"true\" class=\"fab fa-facebook\"><\/i>\t\t\t\t\t<\/a>\n\t\t\t\t<\/span>\n\t\t\t\t\t\t\t<span class=\"elementor-grid-item\" role=\"listitem\">\n\t\t\t\t\t<a class=\"elementor-icon elementor-social-icon elementor-social-icon-instagram elementor-repeater-item-a029e76\" href=\"https:\/\/www.instagram.com\/imperium_rzes_i.kostecka\/?igshid=ZDc4ODBmNjlmNQ%3D%3D&#038;fbclid=IwAR2rkDlfxxouc6g6toLLEpQiY2i9LsYlODzlkn6gyA8JWZS_5FGQot9eIdE\" target=\"_blank\">\n\t\t\t\t\t\t<span class=\"elementor-screen-only\">Instagram<\/span>\n\t\t\t\t\t\t<i aria-hidden=\"true\" class=\"fab fa-instagram\"><\/i>\t\t\t\t\t<\/a>\n\t\t\t\t<\/span>\n\t\t\t\t\t\t\t<span class=\"elementor-grid-item\" role=\"listitem\">\n\t\t\t\t\t<a class=\"elementor-icon elementor-social-icon elementor-social-icon-tiktok elementor-repeater-item-adce921\" href=\"http:\/\/tiktok.com\/@imperiumrzes\" target=\"_blank\">\n\t\t\t\t\t\t<span class=\"elementor-screen-only\">Tiktok<\/span>\n\t\t\t\t\t\t<i aria-hidden=\"true\" class=\"fab fa-tiktok\"><\/i>\t\t\t\t\t<\/a>\n\t\t\t\t<\/span>\n\t\t\t\t\t<\/div>\n\t\t\t\t\t\t<\/div>\n\t\t\t\t<\/div>\n\t\t\t\t\t<\/div>\n\t\t<\/div>\n\t\t\t\t\t<\/div>\n\t\t<\/section>\n\t\t\t\t\t<\/div>\n\t\t<\/div>\n\t\t\t\t\t<\/div>\n\t\t<\/section>\n\t\t\t\t<\/div>\n\t\t","protected":false},"excerpt":{"rendered":"<p>RODO \u201eWsp\u00f3\u0142administratorami Pani\/Pana danych osobowych jest Imperium Rz\u0119s Izabela Kostecka, Ole\u015bniki 294, 21-044 Trawniki, NIP:7123257668 Podanie danych osobowych jest dobrowolne, ale konieczne do podj\u0119cia dzia\u0142a\u0144, kt\u00f3rych \u017c\u0105da osoba, kt\u00f3rej dane dotycz\u0105, gdy\u017c w przypadku niepodania danych nie jest mo\u017cliwe podj\u0119cie \u017cadnych dzia\u0142a\u0144. Dane osobowe przetwarzane s\u0105 w kilku r\u00f3\u017cnych celach i na kilku r\u00f3\u017cnych podstawach [&hellip;]<\/p>\n","protected":false},"author":1,"featured_media":1769,"parent":0,"menu_order":0,"comment_status":"closed","ping_status":"closed","template":"","meta":{"ocean_post_layout":"full-screen","ocean_both_sidebars_style":"","ocean_both_sidebars_content_width":0,"ocean_both_sidebars_sidebars_width":0,"ocean_sidebar":"0","ocean_second_sidebar":"0","ocean_disable_margins":"enable","ocean_add_body_class":"","ocean_shortcode_before_top_bar":"","ocean_shortcode_after_top_bar":"","ocean_shortcode_before_header":"","ocean_shortcode_after_header":"","ocean_has_shortcode":"","ocean_shortcode_after_title":"","ocean_shortcode_before_footer_widgets":"","ocean_shortcode_after_footer_widgets":"","ocean_shortcode_before_footer_bottom":"","ocean_shortcode_after_footer_bottom":"","ocean_display_top_bar":"off","ocean_display_header":"default","ocean_header_style":"","ocean_center_header_left_menu":"0","ocean_custom_header_template":"0","ocean_custom_logo":0,"ocean_custom_retina_logo":0,"ocean_custom_logo_max_width":0,"ocean_custom_logo_tablet_max_width":0,"ocean_custom_logo_mobile_max_width":0,"ocean_custom_logo_max_height":0,"ocean_custom_logo_tablet_max_height":0,"ocean_custom_logo_mobile_max_height":0,"ocean_header_custom_menu":"0","ocean_menu_typo_font_family":"0","ocean_menu_typo_font_subset":"","ocean_menu_typo_font_size":0,"ocean_menu_typo_font_size_tablet":0,"ocean_menu_typo_font_size_mobile":0,"ocean_menu_typo_font_size_unit":"px","ocean_menu_typo_font_weight":"","ocean_menu_typo_font_weight_tablet":"","ocean_menu_typo_font_weight_mobile":"","ocean_menu_typo_transform":"","ocean_menu_typo_transform_tablet":"","ocean_menu_typo_transform_mobile":"","ocean_menu_typo_line_height":0,"ocean_menu_typo_line_height_tablet":0,"ocean_menu_typo_line_height_mobile":0,"ocean_menu_typo_line_height_unit":"","ocean_menu_typo_spacing":0,"ocean_menu_typo_spacing_tablet":0,"ocean_menu_typo_spacing_mobile":0,"ocean_menu_typo_spacing_unit":"","ocean_menu_link_color":"","ocean_menu_link_color_hover":"","ocean_menu_link_color_active":"","ocean_menu_link_background":"","ocean_menu_link_hover_background":"","ocean_menu_link_active_background":"","ocean_menu_social_links_bg":"","ocean_menu_social_hover_links_bg":"","ocean_menu_social_links_color":"","ocean_menu_social_hover_links_color":"","ocean_disable_title":"on","ocean_disable_heading":"default","ocean_post_title":"","ocean_post_subheading":"","ocean_post_title_style":"","ocean_post_title_background_color":"","ocean_post_title_background":0,"ocean_post_title_bg_image_position":"","ocean_post_title_bg_image_attachment":"","ocean_post_title_bg_image_repeat":"","ocean_post_title_bg_image_size":"","ocean_post_title_height":0,"ocean_post_title_bg_overlay":0.5,"ocean_post_title_bg_overlay_color":"","ocean_disable_breadcrumbs":"default","ocean_breadcrumbs_color":"","ocean_breadcrumbs_separator_color":"","ocean_breadcrumbs_links_color":"","ocean_breadcrumbs_links_hover_color":"","ocean_display_footer_widgets":"off","ocean_display_footer_bottom":"default","ocean_custom_footer_template":"0","footnotes":""},"class_list":["post-518","page","type-page","status-publish","has-post-thumbnail","hentry","entry","has-media"],"_links":{"self":[{"href":"https:\/\/izabelakostecka.pl\/index.php?rest_route=\/wp\/v2\/pages\/518","targetHints":{"allow":["GET"]}}],"collection":[{"href":"https:\/\/izabelakostecka.pl\/index.php?rest_route=\/wp\/v2\/pages"}],"about":[{"href":"https:\/\/izabelakostecka.pl\/index.php?rest_route=\/wp\/v2\/types\/page"}],"author":[{"embeddable":true,"href":"https:\/\/izabelakostecka.pl\/index.php?rest_route=\/wp\/v2\/users\/1"}],"replies":[{"embeddable":true,"href":"https:\/\/izabelakostecka.pl\/index.php?rest_route=%2Fwp%2Fv2%2Fcomments&post=518"}],"version-history":[{"count":35,"href":"https:\/\/izabelakostecka.pl\/index.php?rest_route=\/wp\/v2\/pages\/518\/revisions"}],"predecessor-version":[{"id":2225,"href":"https:\/\/izabelakostecka.pl\/index.php?rest_route=\/wp\/v2\/pages\/518\/revisions\/2225"}],"wp:featuredmedia":[{"embeddable":true,"href":"https:\/\/izabelakostecka.pl\/index.php?rest_route=\/wp\/v2\/media\/1769"}],"wp:attachment":[{"href":"https:\/\/izabelakostecka.pl\/index.php?rest_route=%2Fwp%2Fv2%2Fmedia&parent=518"}],"curies":[{"name":"wp","href":"https:\/\/api.w.org\/{rel}","templated":true}]}}