{"id":3,"date":"2023-06-07T15:29:53","date_gmt":"2023-06-07T13:29:53","guid":{"rendered":"http:\/\/izabelakostecka.pl\/?page_id=3"},"modified":"2023-11-30T09:47:44","modified_gmt":"2023-11-30T08:47:44","slug":"polityka-prywatnosci","status":"publish","type":"page","link":"https:\/\/izabelakostecka.pl\/?page_id=3","title":{"rendered":"Polityka prywatno\u015bci"},"content":{"rendered":"\t\t<div data-elementor-type=\"wp-page\" data-elementor-id=\"3\" class=\"elementor elementor-3\">\n\t\t\t\t\t\t<section class=\"elementor-section elementor-top-section elementor-element elementor-element-2d716ba6 elementor-section-full_width elementor-section-height-min-height elementor-section-height-default elementor-section-items-middle\" data-id=\"2d716ba6\" data-element_type=\"section\" data-e-type=\"section\" data-settings=\"{&quot;background_background&quot;:&quot;classic&quot;}\">\n\t\t\t\t\t\t\t<div class=\"elementor-background-overlay\"><\/div>\n\t\t\t\t\t\t\t<div class=\"elementor-container elementor-column-gap-default\">\n\t\t\t\t\t<main class=\"elementor-column elementor-col-100 elementor-top-column elementor-element elementor-element-2a5f8a6a\" data-id=\"2a5f8a6a\" data-element_type=\"column\" data-e-type=\"column\">\n\t\t\t<div class=\"elementor-widget-wrap\">\n\t\t\t\t\t\t\t<\/div>\n\t\t<\/main>\n\t\t\t\t\t<\/div>\n\t\t<\/section>\n\t\t\t\t<section class=\"elementor-section elementor-top-section elementor-element elementor-element-1cf1b39c elementor-section-boxed elementor-section-height-default elementor-section-height-default\" data-id=\"1cf1b39c\" data-element_type=\"section\" data-e-type=\"section\">\n\t\t\t\t\t\t<div class=\"elementor-container elementor-column-gap-default\">\n\t\t\t\t\t<div class=\"elementor-column elementor-col-100 elementor-top-column elementor-element elementor-element-1415ba97\" data-id=\"1415ba97\" data-element_type=\"column\" data-e-type=\"column\">\n\t\t\t<div class=\"elementor-widget-wrap elementor-element-populated\">\n\t\t\t\t\t\t<div class=\"elementor-element elementor-element-6354400e elementor-invisible elementor-widget elementor-widget-heading\" data-id=\"6354400e\" data-element_type=\"widget\" data-e-type=\"widget\" data-settings=\"{&quot;_animation&quot;:&quot;fadeInDown&quot;,&quot;_animation_delay&quot;:0}\" data-widget_type=\"heading.default\">\n\t\t\t\t<div class=\"elementor-widget-container\">\n\t\t\t\t\t<h1 class=\"elementor-heading-title elementor-size-default\">Polityka prywatno\u015bci i cookies<\/h1>\t\t\t\t<\/div>\n\t\t\t\t<\/div>\n\t\t\t\t<div class=\"elementor-element elementor-element-61a5dda elementor-widget elementor-widget-text-editor\" data-id=\"61a5dda\" data-element_type=\"widget\" data-e-type=\"widget\" data-widget_type=\"text-editor.default\">\n\t\t\t\t<div class=\"elementor-widget-container\">\n\t\t\t\t\t\t\t\t\t\n<p>Niniejszy dokument zawiera zasady i zakres wykorzystywania plik\u00f3w cookies oraz danych osobowych zbieranych przez stron\u0119 przy pomocy odpowiednich formularzy i funkcjonalno\u015bci.<\/p>\n<p>Administrator<\/p>\n<p>\u2013 Administratorem jest Imperium Rz\u0119s Izabela Kostecka<\/p>\n<p>U\u017cytkownik<\/p>\n<p>\u2013 osoba korzystaj\u0105ca ze strony www w ramach kt\u00f3rej mo\u017ce<\/p>\n<ul>\n<li>zapozna\u0107 si\u0119 z tre\u015bci\u0105 strony<\/li>\n<li>komentowa\u0107 dost\u0119pne tre\u015bci w przypadku udost\u0119pnienia takiej opcji<\/li>\n<li>skorzysta\u0107 z formularzy zam\u00f3wie\u0144 i zapyta\u0144<\/li>\n<li>z\u0142o\u017cy\u0107 zam\u00f3wienie na oferowan\u0105 us\u0142ug\u0119 lub produkt<\/li>\n<\/ul>\n<ol>\n<li>Pliki Cookies<\/li>\n<\/ol>\n<p>Serwis wykorzystuje pliki cookies (ciasteczka), a wi\u0119c pliki tekstowe zapisywane przez serwer i stron\u0119 na urz\u0105dzeniu u\u017cytkownika. Dzi\u0119ki plikom cookies strona internetowa mo\u017ce np. sprawdzi\u0107 liczb\u0119 odwiedzin strony, sprawdzi\u0107 czy u\u017cytkownik jest zalogowany, wzi\u0105\u0142 ju\u017c udzia\u0142 w sondzie lub czy po prostu ju\u017c j\u0105 wcze\u015bniej odwiedzi\u0142.<\/p>\n<p>Stosujemy cookies sta\u0142e, kt\u00f3re pozostaj\u0105 w przegl\u0105darce u\u017cytkownika przez okre\u015blony w pliku cookie czas lub do ich usuni\u0119cia przez u\u017cytkownika, oraz pliki sesyjne, kt\u00f3re pozostaj\u0105 w przegl\u0105darce do chwili wyj\u015bcia ze strony lub zamkni\u0119cia przegl\u0105darki internetowej.<\/p>\n<p>U\u017cytkownik mo\u017ce w dowolnej chwili wy\u0142\u0105czy\u0107 lub ograniczy\u0107 zapisywanie plik\u00f3w cookie na swoim urz\u0105dzeniu poprzez dostosowanie ustawie\u0144 swojej przegl\u0105darki internetowej.\u00a0 Zapisywanie plik\u00f3w Cookies jest w wi\u0119kszo\u015bci przypadk\u00f3w w\u0142\u0105czone domy\u015blnie. Wszelkie informacje n\/t opcji dostosowywania ustawie\u0144 plik\u00f3w cookies znajdziesz w zak\u0142adkach pomocy swojej przegl\u0105darki lub na stronach internetowych jej autor\u00f3w.<\/p>\n<p>Cookies wykorzystywane s\u0105 przez serwis w celach:<\/p>\n<ul>\n<li>pozyskania anonimowych danych o sposobach w jaki u\u017cytkownicy serwisu z niego korzystaj\u0105,<\/li>\n<li>statystycznym, aby np. okre\u015bla\u0107 liczb\u0119 odwiedzaj\u0105cych,<\/li>\n<li>u\u0142atwiaj\u0105cym u\u017cytkownikowi korzystanie z serwisu,<\/li>\n<li>wy\u015bwietlania i dopasowania tre\u015bci reklamowych oraz ewentualnie remarketingowych,<\/li>\n<\/ul>\n<ol start=\"2\">\n<li>Dane statystyczne Google Analytics, Google Search Console, Google Tag Manager, Google Adwords,<\/li>\n<\/ol>\n<p>Strona korzysta r\u00f3wnie\u017c z us\u0142ug Google Tag Manager, Google Adwords, Google Search Console oraz Google Analytics, kt\u00f3re za pomoc\u0105 umieszczonych w witrynie Tag\u00f3w i kod\u00f3w \u015bledzenia zbieraj\u0105 informacje statystyczne o ruchu u\u017cytkownika na stronie. Dane te wykorzystywane s\u0105 w celach statystycznych, aby na ich podstawie ulepsza\u0107 dzia\u0142anie serwisu.<\/p>\n<ol start=\"3\">\n<li>Piksel Facebook \u2013 w celu prowadzenia dzia\u0142a\u0144 marketingowych i re-marketingowych (reklamy) na portalu spo\u0142eczno\u015bciowym Facebook.<\/li>\n<li>Logi serwera \u2013 podczas wej\u015bcia u\u017cytkownika na stron\u0119 internetow\u0105, serwer ka\u017cdorazowo zapisuje w tzw. logach informacj\u0119 o odwiedzinach m.in. adres IP, dat\u0119 odwiedzin i rodzaj przegl\u0105darki internetowej. Dane te nie s\u0142u\u017c\u0105 administratorowi strony identyfikacji u\u017cytkownik\u00f3w.<\/li>\n<li>Dane osobowe<\/li>\n<\/ol>\n<p>Administratorem danych osobowych jest Administrator wskazany na pocz\u0105tku niniejszego dokumentu.<\/p>\n<p>Administrator mo\u017ce w zale\u017cno\u015bci od cel\u00f3w gromadzi\u0107 dane takie jak:<\/p>\n<ul>\n<li>imi\u0119 i nazwisko,<\/li>\n<li>nazwa, adres i profil firmy,<\/li>\n<li>adres kontaktowy poczty e-mail oraz adres strony www u\u017cytkownika,<\/li>\n<li>numer telefonu,<\/li>\n<li>adres IP,<\/li>\n<li>adres do korespondencji<\/li>\n<\/ul>\n<ol>\n<li>Poprzez wykorzystanie odpowiednich formularzy zapyta\u0144, systemu komentarzy i innych zastosowanych technologii (np. koszyk zakupowy, ) u\u017cytkownik mo\u017ce dobrowolnie przekaza\u0107 Administratorowi strony swoje dane osobowe. Dane te cho\u0107 podawane dobrowolnie, s\u0105 jednak niezb\u0119dne do prawid\u0142owego przeprowadzenia i realizacji cel\u00f3w kt\u00f3rych dotycz\u0105 tj. zam\u00f3wienia, us\u0142ugi lub obs\u0142u\u017cenia zapytania ofertowego.<\/li>\n<\/ol>\n<p>Przekazane dane osobowe przetwarzane s\u0105 wy\u0142\u0105cznie na potrzeby realizacji danej us\u0142ugi, zam\u00f3wienia lub obs\u0142ugi z\u0142o\u017conego zapytania, wyceny us\u0142ugi itp.<\/p>\n<ol start=\"2\">\n<li>Podane Dane osobowe zbierane i przechowywane s\u0105 z odpowiedni\u0105 staranno\u015bci\u0105 i poufno\u015bci\u0105 oraz chronione przed osobami nieupowa\u017cnionymi.<\/li>\n<li>U\u017cytkownikowi przys\u0142uguje prawo do:<\/li>\n<\/ol>\n<ul>\n<li>dost\u0119pu do swoich danych osobowych, sprostowania, ich zmiany, ograniczenia przetwarzania i usuni\u0119cia,<\/li>\n<li>przenoszenia danych osobowych<\/li>\n<li>zaprzestania przetwarzania danych osobowych oraz cofni\u0119cia wyra\u017conej zgody<\/li>\n<li>wniesienia skargi do odpowiednich organ\u00f3w w ramach przetwarzania danych osobowych<\/li>\n<\/ul>\n<ol start=\"4\">\n<li>Gromadzone dane b\u0119d\u0105 przechowywane jedynie tyle na ile jest to niezb\u0119dne do zrealizowania danych cel\u00f3w np. obs\u0142uga zapytania ofertowego, wycena itp. oraz dozwolone b\u0105d\u017a wymagane przez prawo (np. archiwizowanie dokument\u00f3w ksi\u0119gowych).<\/li>\n<\/ol>\n\t\t\t\t\t\t\t\t<\/div>\n\t\t\t\t<\/div>\n\t\t\t\t\t<\/div>\n\t\t<\/div>\n\t\t\t\t\t<\/div>\n\t\t<\/section>\n\t\t\t\t<section class=\"elementor-section elementor-top-section elementor-element elementor-element-30a42b99 elementor-section-boxed elementor-section-height-default elementor-section-height-default\" data-id=\"30a42b99\" data-element_type=\"section\" data-e-type=\"section\" data-settings=\"{&quot;background_background&quot;:&quot;classic&quot;}\">\n\t\t\t\t\t\t<div class=\"elementor-container elementor-column-gap-default\">\n\t\t\t\t\t<div class=\"elementor-column elementor-col-100 elementor-top-column elementor-element elementor-element-7e50977d elementor-invisible\" data-id=\"7e50977d\" data-element_type=\"column\" data-e-type=\"column\" data-settings=\"{&quot;animation&quot;:&quot;fadeInUp&quot;}\">\n\t\t\t<div class=\"elementor-widget-wrap elementor-element-populated\">\n\t\t\t\t\t\t<section class=\"elementor-section elementor-inner-section elementor-element elementor-element-754b7bcd elementor-section-full_width elementor-section-height-default elementor-section-height-default\" data-id=\"754b7bcd\" data-element_type=\"section\" data-e-type=\"section\">\n\t\t\t\t\t\t<div class=\"elementor-container elementor-column-gap-default\">\n\t\t\t\t\t<div class=\"elementor-column elementor-col-100 elementor-inner-column elementor-element elementor-element-5f83aed2\" data-id=\"5f83aed2\" data-element_type=\"column\" data-e-type=\"column\">\n\t\t\t<div class=\"elementor-widget-wrap elementor-element-populated\">\n\t\t\t\t\t\t<div class=\"elementor-element elementor-element-22c95898 elementor-shape-rounded elementor-grid-0 e-grid-align-center elementor-widget elementor-widget-social-icons\" data-id=\"22c95898\" data-element_type=\"widget\" data-e-type=\"widget\" data-widget_type=\"social-icons.default\">\n\t\t\t\t<div class=\"elementor-widget-container\">\n\t\t\t\t\t\t\t<div class=\"elementor-social-icons-wrapper elementor-grid\" role=\"list\">\n\t\t\t\t\t\t\t<span class=\"elementor-grid-item\" role=\"listitem\">\n\t\t\t\t\t<a class=\"elementor-icon elementor-social-icon elementor-social-icon-facebook elementor-repeater-item-171c8e8\" href=\"https:\/\/www.facebook.com\/profile.php?id=100076481627669&#038;locale=pl_PL\" target=\"_blank\">\n\t\t\t\t\t\t<span class=\"elementor-screen-only\">Facebook<\/span>\n\t\t\t\t\t\t<i aria-hidden=\"true\" class=\"fab fa-facebook\"><\/i>\t\t\t\t\t<\/a>\n\t\t\t\t<\/span>\n\t\t\t\t\t\t\t<span class=\"elementor-grid-item\" role=\"listitem\">\n\t\t\t\t\t<a class=\"elementor-icon elementor-social-icon elementor-social-icon-instagram elementor-repeater-item-a029e76\" href=\"https:\/\/www.instagram.com\/imperium_rzes_i.kostecka\/?igshid=ZDc4ODBmNjlmNQ%3D%3D&#038;fbclid=IwAR2rkDlfxxouc6g6toLLEpQiY2i9LsYlODzlkn6gyA8JWZS_5FGQot9eIdE\" target=\"_blank\">\n\t\t\t\t\t\t<span class=\"elementor-screen-only\">Instagram<\/span>\n\t\t\t\t\t\t<i aria-hidden=\"true\" class=\"fab fa-instagram\"><\/i>\t\t\t\t\t<\/a>\n\t\t\t\t<\/span>\n\t\t\t\t\t\t\t<span class=\"elementor-grid-item\" role=\"listitem\">\n\t\t\t\t\t<a class=\"elementor-icon elementor-social-icon elementor-social-icon-tiktok elementor-repeater-item-adce921\" href=\"http:\/\/tiktok.com\/@imperiumrzes\" target=\"_blank\">\n\t\t\t\t\t\t<span class=\"elementor-screen-only\">Tiktok<\/span>\n\t\t\t\t\t\t<i aria-hidden=\"true\" class=\"fab fa-tiktok\"><\/i>\t\t\t\t\t<\/a>\n\t\t\t\t<\/span>\n\t\t\t\t\t<\/div>\n\t\t\t\t\t\t<\/div>\n\t\t\t\t<\/div>\n\t\t\t\t\t<\/div>\n\t\t<\/div>\n\t\t\t\t\t<\/div>\n\t\t<\/section>\n\t\t\t\t\t<\/div>\n\t\t<\/div>\n\t\t\t\t\t<\/div>\n\t\t<\/section>\n\t\t\t\t<\/div>\n\t\t","protected":false},"excerpt":{"rendered":"<p>Polityka prywatno\u015bci i cookies Niniejszy dokument zawiera zasady i zakres wykorzystywania plik\u00f3w cookies oraz danych osobowych zbieranych przez stron\u0119 przy pomocy odpowiednich formularzy i funkcjonalno\u015bci. Administrator \u2013 Administratorem jest Imperium Rz\u0119s Izabela Kostecka U\u017cytkownik \u2013 osoba korzystaj\u0105ca ze strony www w ramach kt\u00f3rej mo\u017ce zapozna\u0107 si\u0119 z tre\u015bci\u0105 strony komentowa\u0107 dost\u0119pne tre\u015bci w przypadku udost\u0119pnienia [&hellip;]<\/p>\n","protected":false},"author":1,"featured_media":1769,"parent":0,"menu_order":0,"comment_status":"closed","ping_status":"open","template":"","meta":{"ocean_post_layout":"full-screen","ocean_both_sidebars_style":"","ocean_both_sidebars_content_width":0,"ocean_both_sidebars_sidebars_width":0,"ocean_sidebar":"0","ocean_second_sidebar":"0","ocean_disable_margins":"enable","ocean_add_body_class":"","ocean_shortcode_before_top_bar":"","ocean_shortcode_after_top_bar":"","ocean_shortcode_before_header":"","ocean_shortcode_after_header":"","ocean_has_shortcode":"","ocean_shortcode_after_title":"","ocean_shortcode_before_footer_widgets":"","ocean_shortcode_after_footer_widgets":"","ocean_shortcode_before_footer_bottom":"","ocean_shortcode_after_footer_bottom":"","ocean_display_top_bar":"off","ocean_display_header":"default","ocean_header_style":"","ocean_center_header_left_menu":"0","ocean_custom_header_template":"0","ocean_custom_logo":0,"ocean_custom_retina_logo":0,"ocean_custom_logo_max_width":0,"ocean_custom_logo_tablet_max_width":0,"ocean_custom_logo_mobile_max_width":0,"ocean_custom_logo_max_height":0,"ocean_custom_logo_tablet_max_height":0,"ocean_custom_logo_mobile_max_height":0,"ocean_header_custom_menu":"0","ocean_menu_typo_font_family":"0","ocean_menu_typo_font_subset":"","ocean_menu_typo_font_size":0,"ocean_menu_typo_font_size_tablet":0,"ocean_menu_typo_font_size_mobile":0,"ocean_menu_typo_font_size_unit":"px","ocean_menu_typo_font_weight":"","ocean_menu_typo_font_weight_tablet":"","ocean_menu_typo_font_weight_mobile":"","ocean_menu_typo_transform":"","ocean_menu_typo_transform_tablet":"","ocean_menu_typo_transform_mobile":"","ocean_menu_typo_line_height":0,"ocean_menu_typo_line_height_tablet":0,"ocean_menu_typo_line_height_mobile":0,"ocean_menu_typo_line_height_unit":"","ocean_menu_typo_spacing":0,"ocean_menu_typo_spacing_tablet":0,"ocean_menu_typo_spacing_mobile":0,"ocean_menu_typo_spacing_unit":"","ocean_menu_link_color":"","ocean_menu_link_color_hover":"","ocean_menu_link_color_active":"","ocean_menu_link_background":"","ocean_menu_link_hover_background":"","ocean_menu_link_active_background":"","ocean_menu_social_links_bg":"","ocean_menu_social_hover_links_bg":"","ocean_menu_social_links_color":"","ocean_menu_social_hover_links_color":"","ocean_disable_title":"on","ocean_disable_heading":"default","ocean_post_title":"","ocean_post_subheading":"","ocean_post_title_style":"","ocean_post_title_background_color":"","ocean_post_title_background":0,"ocean_post_title_bg_image_position":"","ocean_post_title_bg_image_attachment":"","ocean_post_title_bg_image_repeat":"","ocean_post_title_bg_image_size":"","ocean_post_title_height":0,"ocean_post_title_bg_overlay":0.5,"ocean_post_title_bg_overlay_color":"","ocean_disable_breadcrumbs":"default","ocean_breadcrumbs_color":"","ocean_breadcrumbs_separator_color":"","ocean_breadcrumbs_links_color":"","ocean_breadcrumbs_links_hover_color":"","ocean_display_footer_widgets":"off","ocean_display_footer_bottom":"default","ocean_custom_footer_template":"0","footnotes":""},"class_list":["post-3","page","type-page","status-publish","has-post-thumbnail","hentry","entry","has-media"],"_links":{"self":[{"href":"https:\/\/izabelakostecka.pl\/index.php?rest_route=\/wp\/v2\/pages\/3","targetHints":{"allow":["GET"]}}],"collection":[{"href":"https:\/\/izabelakostecka.pl\/index.php?rest_route=\/wp\/v2\/pages"}],"about":[{"href":"https:\/\/izabelakostecka.pl\/index.php?rest_route=\/wp\/v2\/types\/page"}],"author":[{"embeddable":true,"href":"https:\/\/izabelakostecka.pl\/index.php?rest_route=\/wp\/v2\/users\/1"}],"replies":[{"embeddable":true,"href":"https:\/\/izabelakostecka.pl\/index.php?rest_route=%2Fwp%2Fv2%2Fcomments&post=3"}],"version-history":[{"count":32,"href":"https:\/\/izabelakostecka.pl\/index.php?rest_route=\/wp\/v2\/pages\/3\/revisions"}],"predecessor-version":[{"id":2236,"href":"https:\/\/izabelakostecka.pl\/index.php?rest_route=\/wp\/v2\/pages\/3\/revisions\/2236"}],"wp:featuredmedia":[{"embeddable":true,"href":"https:\/\/izabelakostecka.pl\/index.php?rest_route=\/wp\/v2\/media\/1769"}],"wp:attachment":[{"href":"https:\/\/izabelakostecka.pl\/index.php?rest_route=%2Fwp%2Fv2%2Fmedia&parent=3"}],"curies":[{"name":"wp","href":"https:\/\/api.w.org\/{rel}","templated":true}]}}